{"id":224,"date":"2026-01-09T13:21:16","date_gmt":"2026-01-09T12:21:16","guid":{"rendered":"https:\/\/luks-training.de\/?page_id=224"},"modified":"2026-04-27T10:42:25","modified_gmt":"2026-04-27T08:42:25","slug":"sponsoren","status":"publish","type":"page","link":"https:\/\/luks-training.de\/lukspress\/sponsoren\/","title":{"rendered":"Sponsoren"},"content":{"rendered":"\n<div style=\"height:60px\" aria-hidden=\"true\" class=\"wp-block-spacer\"><\/div>\n\n\n\n<p>Wir m\u00f6chten uns besonders herzlich bei unseren Sponsoren f\u00fcr ihre Unterst\u00fctzung bedanken:<\/p>\n\n\n\n<h3 class=\"wp-block-heading\" id=\"hauptsponsoren\">Hauptsponsoren<\/h3>\n\n\n\n<div class=\"wp-block-greenshift-blocks-container gspb_container gspb_container-gsbp-107e8d7\" id=\"gspb_container-id-gsbp-107e8d7\">\n<div class=\"wp-block-greenshift-blocks-container gspb_container gspb_container-gsbp-5bf3201\" id=\"gspb_container-id-gsbp-5bf3201\">\n<figure class=\"wp-block-image size-full\"><img loading=\"lazy\" decoding=\"async\" width=\"400\" height=\"160\" src=\"https:\/\/luks-training.de\/lukspress\/wp-content\/uploads\/BostonScientific_400x260.png\" alt=\"\" class=\"wp-image-282\" srcset=\"https:\/\/luks-training.de\/lukspress\/wp-content\/uploads\/BostonScientific_400x260.png 400w, https:\/\/luks-training.de\/lukspress\/wp-content\/uploads\/BostonScientific_400x260-150x60.png 150w\" sizes=\"auto, (max-width: 400px) 100vw, 400px\" \/><\/figure>\n<\/div>\n<\/div>\n\n\n\n<h3 class=\"wp-block-heading\" id=\"hauptsponsoren\">Sponsoren<\/h3>\n\n\n\n<div class=\"wp-block-greenshift-blocks-container gspb_container gspb_container-gsbp-6e409dd\" id=\"gspb_container-id-gsbp-6e409dd\">\n<div class=\"wp-block-greenshift-blocks-container gspb_container gspb_container-gsbp-7e97b95\" id=\"gspb_container-id-gsbp-7e97b95\">\n<figure class=\"wp-block-image size-full\"><img loading=\"lazy\" decoding=\"async\" width=\"400\" height=\"160\" src=\"https:\/\/luks-training.de\/lukspress\/wp-content\/uploads\/Erbe_400x260.png\" alt=\"\" class=\"wp-image-283\" srcset=\"https:\/\/luks-training.de\/lukspress\/wp-content\/uploads\/Erbe_400x260.png 400w, https:\/\/luks-training.de\/lukspress\/wp-content\/uploads\/Erbe_400x260-150x60.png 150w\" sizes=\"auto, (max-width: 400px) 100vw, 400px\" \/><\/figure>\n<\/div>\n\n\n\n<div class=\"wp-block-greenshift-blocks-container gspb_container gspb_container-gsbp-8ed60ee\" id=\"gspb_container-id-gsbp-8ed60ee\">\n<figure class=\"wp-block-image size-full\"><img loading=\"lazy\" decoding=\"async\" width=\"400\" height=\"160\" src=\"https:\/\/luks-training.de\/lukspress\/wp-content\/uploads\/Fujifilm_400x260.png\" alt=\"\" class=\"wp-image-284\" srcset=\"https:\/\/luks-training.de\/lukspress\/wp-content\/uploads\/Fujifilm_400x260.png 400w, https:\/\/luks-training.de\/lukspress\/wp-content\/uploads\/Fujifilm_400x260-150x60.png 150w\" sizes=\"auto, (max-width: 400px) 100vw, 400px\" \/><\/figure>\n<\/div>\n<\/div>\n\n\n\n<p><\/p>\n\n\n\n<p><\/p>\n\n\n\n<p><strong>Offenlegung: <\/strong><br>Boston Scientific Medizintechnik GmbH (Sponsoring: EUR 19.000,- \/ Sachleistungen); Erbe Elektromedizin GmbH (Sponsoring: Sachleistungen),<br>FUJIFILM Deutschland GmbH (Sponsoring: Sachleistungen)<\/p>\n","protected":false},"excerpt":{"rendered":"<p>Wir m\u00f6chten uns besonders herzlich bei unseren Sponsoren f\u00fcr ihre Unterst\u00fctzung bedanken: Hauptsponsoren Sponsoren Offenlegung: Boston Scientific Medizintechnik GmbH (Sponsoring: EUR 19.000,- \/ Sachleistungen); Erbe Elektromedizin GmbH (Sponsoring: Sachleistungen),FUJIFILM Deutschland GmbH (Sponsoring: Sachleistungen)<\/p>\n","protected":false},"author":4,"featured_media":0,"parent":0,"menu_order":0,"comment_status":"closed","ping_status":"closed","template":"","meta":{"_gspb_post_css":".gspb_container-id-gsbp-107e8d7,.gspb_container-id-gsbp-5bf3201,.gspb_container-id-gsbp-6e409dd,.gspb_container-id-gsbp-7e97b95,.gspb_container-id-gsbp-8ed60ee{flex-direction:column;box-sizing:border-box}#gspb_container-id-gsbp-107e8d7.gspb_container>p:last-of-type,#gspb_container-id-gsbp-5bf3201.gspb_container>p:last-of-type,#gspb_container-id-gsbp-6e409dd.gspb_container>p:last-of-type,#gspb_container-id-gsbp-7e97b95.gspb_container>p:last-of-type,#gspb_container-id-gsbp-8ed60ee.gspb_container>p:last-of-type{margin-bottom:0}#gspb_container-id-gsbp-107e8d7.gspb_container{position:relative;display:grid;grid-template-columns:repeat(4,minmax(0,1fr));row-gap:20px;column-gap:2px}@media (max-width:575.98px){#gspb_container-id-gsbp-107e8d7.gspb_container{grid-template-columns:repeat(1,minmax(0,1fr))}}#gspb_container-id-gsbp-107e8d7.gspb_container{margin:0;padding:0;box-sizing:border-box}#gspb_container-id-gsbp-5bf3201.gspb_container{position:relative;box-sizing:border-box}body.gspb-bodyfront #gspb_container-id-gsbp-5bf3201.gspb_container,body.gspb-bodyfront #gspb_container-id-gsbp-7e97b95.gspb_container{grid-column-start:1;grid-column-end:2;grid-row-start:1;grid-row-end:2}#gspb_container-id-gsbp-6e409dd.gspb_container{position:relative;display:grid;grid-template-columns:repeat(5,minmax(0,1fr));row-gap:20px;column-gap:60px}@media (max-width:575.98px){#gspb_container-id-gsbp-6e409dd.gspb_container{grid-template-columns:repeat(1,minmax(0,1fr))}}#gspb_container-id-gsbp-6e409dd.gspb_container{margin:0;padding:0;box-sizing:border-box}#gspb_container-id-gsbp-7e97b95.gspb_container,#gspb_container-id-gsbp-8ed60ee.gspb_container{position:relative;box-sizing:border-box}body.gspb-bodyfront #gspb_container-id-gsbp-8ed60ee.gspb_container{grid-column-start:2;grid-column-end:3;grid-row-start:1;grid-row-end:2}","footnotes":""},"class_list":["post-224","page","type-page","status-publish","hentry"],"blocksy_meta":{"has_hero_section":"enabled","hero_section":"type-2","hero_elements":[{"id":"custom_title","enabled":true,"heading_tag":"h1","title":"Start","__id":"xCqGjfXJfJzpQt6pzVEYd"},{"id":"custom_description","enabled":false,"description_visibility":{"desktop":true,"tablet":true,"mobile":false},"__id":"LNwTsrFMTP8cOLWNEIuQt"},{"id":"custom_meta","enabled":false,"meta_elements":[{"id":"author","enabled":true,"label":"Von","has_author_avatar":"yes","avatar_size":25},{"id":"post_date","enabled":true,"label":"Am","date_format_source":"default","date_format":"M j, Y"},{"id":"updated_date","enabled":false,"label":"Am","date_format_source":"default","date_format":"M j, Y"},{"id":"categories","enabled":false,"label":"In","style":"simple"},{"id":"comments","enabled":true}],"page_meta_elements":{"joined":true,"articles_count":true,"comments":true},"__id":"RM3amCLLWxt15NitYyt63"},{"id":"breadcrumbs","enabled":false,"__id":"HZlJZooSTWEz9N7Aszvwk"}],"hero_structure":"normal","page_title_bg_type":"custom_image","custom_hero_background":{"attachment_id":489,"url":"https:\/\/luks-training.de\/lukspress\/wp-content\/uploads\/HERO-Start_2560x400-1024x160.jpg"},"hero_height":"100px","styles_descriptor":{"styles":{"desktop":"[data-prefix=\"single_page\"] .entry-header .page-title {--theme-font-size:30px;--theme-heading-color:var(--theme-palette-color-7);} [data-prefix=\"single_page\"] .entry-header .entry-meta {--theme-font-weight:600;--theme-text-transform:uppercase;--theme-font-size:12px;--theme-line-height:1.3;} [data-prefix=\"single_page\"] .hero-section[data-type=\"type-2\"] {--alignment:start;--min-height:100px;background-color:var(--theme-palette-color-6);background-image:none;--container-padding:50px 0px;}","tablet":"","mobile":""},"google_fonts":{"Inter":["n4","n6"]},"version":6},"hero_alignment2":"start","pageTitleFontColor":{"default":{"color":"var(--theme-palette-color-7)"}}},"_links":{"self":[{"href":"https:\/\/luks-training.de\/lukspress\/wp-json\/wp\/v2\/pages\/224","targetHints":{"allow":["GET"]}}],"collection":[{"href":"https:\/\/luks-training.de\/lukspress\/wp-json\/wp\/v2\/pages"}],"about":[{"href":"https:\/\/luks-training.de\/lukspress\/wp-json\/wp\/v2\/types\/page"}],"author":[{"embeddable":true,"href":"https:\/\/luks-training.de\/lukspress\/wp-json\/wp\/v2\/users\/4"}],"replies":[{"embeddable":true,"href":"https:\/\/luks-training.de\/lukspress\/wp-json\/wp\/v2\/comments?post=224"}],"version-history":[{"count":9,"href":"https:\/\/luks-training.de\/lukspress\/wp-json\/wp\/v2\/pages\/224\/revisions"}],"predecessor-version":[{"id":658,"href":"https:\/\/luks-training.de\/lukspress\/wp-json\/wp\/v2\/pages\/224\/revisions\/658"}],"wp:attachment":[{"href":"https:\/\/luks-training.de\/lukspress\/wp-json\/wp\/v2\/media?parent=224"}],"curies":[{"name":"wp","href":"https:\/\/api.w.org\/{rel}","templated":true}]}}